{"id":1169,"date":"2025-09-08T09:34:27","date_gmt":"2025-09-08T09:34:27","guid":{"rendered":"https:\/\/gifted-davinci.149-139-32-223.plesk.page\/infrastructure-components\/earth-and-mars-research-network-emn\/computing-infrastructure\/"},"modified":"2026-04-09T13:59:04","modified_gmt":"2026-04-09T13:59:04","slug":"computing-infrastructure","status":"publish","type":"page","link":"https:\/\/gifted-davinci.149-139-32-223.plesk.page\/it\/infrastructure-components\/earth-and-mars-research-network-emn\/computing-infrastructure\/","title":{"rendered":"Infrastruttura di Calcolo"},"content":{"rendered":"\t\t<div data-elementor-type=\"wp-page\" data-elementor-id=\"1169\" class=\"elementor elementor-1169 elementor-731\">\n\t\t\t\t<div class=\"elementor-element elementor-element-331a704d e-flex e-con-boxed e-con e-parent\" data-id=\"331a704d\" data-element_type=\"container\" data-e-type=\"container\">\n\t\t\t\t\t<div class=\"e-con-inner\">\n\t\t\t\t<div class=\"elementor-element elementor-element-e401f94 elementor-widget elementor-widget-heading\" data-id=\"e401f94\" data-element_type=\"widget\" data-e-type=\"widget\" data-widget_type=\"heading.default\">\n\t\t\t\t\t<h1 class=\"elementor-heading-title elementor-size-default\">La nuova infrastruttura di rete<\/h1>\t\t\t\t<\/div>\n\t\t\t\t<div class=\"elementor-element elementor-element-2834147e elementor-widget elementor-widget-text-editor\" data-id=\"2834147e\" data-element_type=\"widget\" data-e-type=\"widget\" data-widget_type=\"text-editor.default\">\n\t\t\t\t\t\t\t\t\t<p>L&#8217;area di ricerca del CNR a Firenze \u00e8 costituita da cinque edifici principali che ospitano istituti di ricerca con uffici, laboratori e centri dati. Ogni edificio dell&#8217;area presenta una pianta rettangolare e si sviluppa su 2 o 3 piani; su ogni piano sono presenti 4 armadi (uno in ogni angolo) che ospitano gli switch di rete che collegano i<br>laboratori e gli uffici adiacenti tramite cavi Ethernet in rame. <\/p>\n<p>L&#8217;attuale infrastruttura di rete interna dell&#8217;Area di Ricerca supporta una velocit\u00e0 massima di trasmissione dati di 1 Gbps; i cavi in fibra ottica esistenti non supportano velocit\u00e0 di trasmissione superiori. Per questo motivo, si \u00e8 reso necessario un potenziamento dell&#8217;infrastruttura attuale per consentire una comunicazione adeguata al volume di dati utilizzato all&#8217;interno dell&#8217;infrastruttura informatica dell&#8217;EMM.<br>La rete \u00e8 stata aggiornata per incorporare tecnologie di trasmissione dati all&#8217;avanguardia, garantendo una connettivit\u00e0 ad alta velocit\u00e0 tra i data center e i vari nodi di rete distribuiti su pi\u00f9 edifici. L&#8217;architettura, i componenti e i dettagli di installazione qui presentati forniscono una panoramica completa della nuova infrastruttura di rete. Una descrizione pi\u00f9 accurata \u00e8 disponibile nel documento tecnico reperibile presso l&#8217;istituto CNR-IFAC.   <\/p>\t\t\t\t\t\t\t\t<\/div>\n\t\t\t\t<div class=\"elementor-element elementor-element-6db28ee elementor-widget elementor-widget-heading\" data-id=\"6db28ee\" data-element_type=\"widget\" data-e-type=\"widget\" data-widget_type=\"heading.default\">\n\t\t\t\t\t<h3 class=\"elementor-heading-title elementor-size-default\">Architettura generale<\/h3>\t\t\t\t<\/div>\n\t\t\t\t<div class=\"elementor-element elementor-element-1c2bb19 elementor-widget elementor-widget-text-editor\" data-id=\"1c2bb19\" data-element_type=\"widget\" data-e-type=\"widget\" data-widget_type=\"text-editor.default\">\n\t\t\t\t\t\t\t\t\t<p>La nuova rete \u00e8 stata implementata con l&#8217;obiettivo di collegare l&#8217;infrastruttura informatica EMM, installata presso l&#8217;Area di Ricerca del CNR a Firenze, a una rete ad alta velocit\u00e0 che utilizza le pi\u00f9 recenti tecnologie di trasmissione dati.<br>La nuova rete presenta una topologia a stella; consente connessioni a 100 Gbps tra i data center degli istituti INO, IBE e IFAC e connessioni a 10 Gbps verso tutti gli altri dispositivi.<br>Gli edifici coinvolti nell&#8217;aggiornamento della rete sono quelli che ospitano componenti dell&#8217;infrastruttura informatica EMM<br>(vedi Figura 1); in dettaglio:<\/p>\n<ul>\n<li>L&#8217;edificio \u201cB\u201d, che ospita i centri di elaborazione dati EMM e i computer utilizzati dagli istituti CNR-INO e CNR-IFAC per lo sviluppo di modelli e l&#8217;analisi dei dati;<\/li>\n<li>L&#8217;edificio \u201cD\u201d, in cui si trovano i computer utilizzati dall&#8217;istituto CNR-IBE per lo sviluppo di modelli e l&#8217;analisi dei dati;<\/li>\n<li>L&#8217;edificio \u201cDC-Area\u201d, che ospita i centri dati dell&#8217;istituto CNR-IBE;<\/li>\n<li>L&#8217;edificio \u201cF\u201d, che ospita il nucleo della rete e il collegamento esterno a Internet<\/li>\n<\/ul>\n<div>\n<div>La nuova infrastruttura di rete comprende sia componenti passivi che dispositivi attivi. Sono stati realizzati nuovi collegamenti in fibra ottica tra l&#8217;edificio \u00abF\u00bb e gli edifici \u00abB\u00bb, \u00abD\u00bb e \u00abDC-Area\u00bb, nonch\u00e9 all&#8217;interno degli edifici stessi; sono stati installati e configurati nuovi switch di rete sia nel core che nei nodi periferici. <\/div>\n<div>Di seguito viene fornita una breve descrizione del progetto. Una descrizione pi\u00f9 dettagliata della nuova infrastruttura \u00e8 disponibile nei documenti tecnici forniti dal progettista e dall&#8217;impresa che ha eseguito i lavori; tali documenti sono consultabili presso l&#8217;istituto CNR-IFAC. <\/div>\n<\/div>\t\t\t\t\t\t\t\t<\/div>\n\t\t\t\t<div class=\"elementor-element elementor-element-ca11244 elementor-widget elementor-widget-image\" data-id=\"ca11244\" data-element_type=\"widget\" data-e-type=\"widget\" data-widget_type=\"image.default\">\n\t\t\t\t\t\t\t\t\t\t\t\t\t\t\t<img fetchpriority=\"high\" decoding=\"async\" width=\"800\" height=\"439\" src=\"https:\/\/gifted-davinci.149-139-32-223.plesk.page\/wp-content\/uploads\/2026\/04\/Screenshot-2026-04-01-102146-1024x562.png\" class=\"attachment-large size-large wp-image-1251\" alt=\"EMM buildings\" srcset=\"https:\/\/gifted-davinci.149-139-32-223.plesk.page\/wp-content\/uploads\/2026\/04\/Screenshot-2026-04-01-102146-1024x562.png 1024w, https:\/\/gifted-davinci.149-139-32-223.plesk.page\/wp-content\/uploads\/2026\/04\/Screenshot-2026-04-01-102146-300x165.png 300w, https:\/\/gifted-davinci.149-139-32-223.plesk.page\/wp-content\/uploads\/2026\/04\/Screenshot-2026-04-01-102146-768x422.png 768w, https:\/\/gifted-davinci.149-139-32-223.plesk.page\/wp-content\/uploads\/2026\/04\/Screenshot-2026-04-01-102146-1536x843.png 1536w, https:\/\/gifted-davinci.149-139-32-223.plesk.page\/wp-content\/uploads\/2026\/04\/Screenshot-2026-04-01-102146-2048x1125.png 2048w\" sizes=\"(max-width: 800px) 100vw, 800px\" \/>\t\t\t\t\t\t\t\t\t\t\t\t\t\t\t<\/div>\n\t\t\t\t\t<\/div>\n\t\t\t\t<\/div>\n\t\t<div class=\"elementor-element elementor-element-eb2786c e-flex e-con-boxed e-con e-parent\" data-id=\"eb2786c\" data-element_type=\"container\" data-e-type=\"container\">\n\t\t\t\t\t<div class=\"e-con-inner\">\n\t\t\t\t<div class=\"elementor-element elementor-element-30c352a elementor-widget elementor-widget-heading\" data-id=\"30c352a\" data-element_type=\"widget\" data-e-type=\"widget\" data-widget_type=\"heading.default\">\n\t\t\t\t\t<h2 class=\"elementor-heading-title elementor-size-default\">Backbone esterno<\/h2>\t\t\t\t<\/div>\n\t\t\t\t<div class=\"elementor-element elementor-element-babae3d elementor-widget elementor-widget-text-editor\" data-id=\"babae3d\" data-element_type=\"widget\" data-e-type=\"widget\" data-widget_type=\"text-editor.default\">\n\t\t\t\t\t\t\t\t\t<p>La nuova dorsale esterna consiste in un collegamento tra l&#8217;edificio \u00abF\u00bb (nucleo di rete) e gli edifici \u00abB\u00bb, \u00abD\u00bb e \u00abDC-Area\u00bb (vedi figura 2). I cavi vengono fatti passare attraverso i condotti sotterranei esistenti, seguendo i percorsi indicati dalle linee blu nella figura 2. <br>Il cavo ottico utilizzato \u00e8 composto da 24 fibre OS2 da 9\/125 \u03bcm, realizzato con una struttura a tubo libero con guaina singola, riempito con gel resistente all&#8217;umidit\u00e0 e protetto da uno strato anti-roditori in acciaio ondulato, adatto all&#8217;installazione all&#8217;aperto.<\/p>\n<ul>\n<li>Tra l&#8217;edificio \u00abF\u00bb e l&#8217;edificio \u00abB\u00bb: 4 cavi da 24 fibre ciascuno, per un totale di 96 fibre ottiche OS2;<\/li>\n<li>Tra l&#8217;edificio \u00abF\u00bb e l&#8217;edificio \u00abD\u00bb: 2 cavi da 24 fibre ciascuno, per un totale di 48 fibre ottiche OS2;<\/li>\n<li>Tra l&#8217;edificio \u00abF\u00bb e l&#8217;edificio \u00abDC-Area\u00bb: 1 cavo con 24 fibre, per un totale di 24 fibre ottiche OS2;<\/li>\n<\/ul>\n<p>Nell&#8217;edificio \u201cF\u201d, tutte le fibre sono terminali e collegate in un quadro di distribuzione ottica alloggiato nel rack centrale; negli edifici \u201cB\u201d, \u2018D\u2019 e nell&#8217;area \u201cDC\u201d, le fibre sono terminali in un rack, situato al piano terra, che funge da punto di distribuzione e sono collegate in un pannello di permutazione ottico. Da ciascuno dei tre punti di distribuzione partono le nuove fibre che vengono instradate all\u2019interno dell\u2019edificio per raggiungere ogni nodo di rete all\u2019interno del rispettivo edificio. <\/p>\t\t\t\t\t\t\t\t<\/div>\n\t\t\t\t<div class=\"elementor-element elementor-element-476f4bb elementor-widget elementor-widget-image\" data-id=\"476f4bb\" data-element_type=\"widget\" data-e-type=\"widget\" data-widget_type=\"image.default\">\n\t\t\t\t\t\t\t\t\t\t\t\t\t\t\t<img decoding=\"async\" width=\"800\" height=\"522\" src=\"https:\/\/gifted-davinci.149-139-32-223.plesk.page\/wp-content\/uploads\/2026\/04\/Screenshot-2026-04-01-103915-1024x668.png\" class=\"attachment-large size-large wp-image-1252\" alt=\"cheme of the CNR Research Area\" srcset=\"https:\/\/gifted-davinci.149-139-32-223.plesk.page\/wp-content\/uploads\/2026\/04\/Screenshot-2026-04-01-103915-1024x668.png 1024w, https:\/\/gifted-davinci.149-139-32-223.plesk.page\/wp-content\/uploads\/2026\/04\/Screenshot-2026-04-01-103915-300x196.png 300w, https:\/\/gifted-davinci.149-139-32-223.plesk.page\/wp-content\/uploads\/2026\/04\/Screenshot-2026-04-01-103915-768x501.png 768w, https:\/\/gifted-davinci.149-139-32-223.plesk.page\/wp-content\/uploads\/2026\/04\/Screenshot-2026-04-01-103915-1536x1002.png 1536w, https:\/\/gifted-davinci.149-139-32-223.plesk.page\/wp-content\/uploads\/2026\/04\/Screenshot-2026-04-01-103915-2048x1336.png 2048w\" sizes=\"(max-width: 800px) 100vw, 800px\" \/>\t\t\t\t\t\t\t\t\t\t\t\t\t\t\t<\/div>\n\t\t\t\t\t<\/div>\n\t\t\t\t<\/div>\n\t\t<div class=\"elementor-element elementor-element-e510efc e-flex e-con-boxed e-con e-parent\" data-id=\"e510efc\" data-element_type=\"container\" data-e-type=\"container\">\n\t\t\t\t\t<div class=\"e-con-inner\">\n\t\t\t\t<div class=\"elementor-element elementor-element-298c8f2 elementor-widget elementor-widget-heading\" data-id=\"298c8f2\" data-element_type=\"widget\" data-e-type=\"widget\" data-widget_type=\"heading.default\">\n\t\t\t\t\t<h2 class=\"elementor-heading-title elementor-size-default\">Linea in fibra ottica - Interna<\/h2>\t\t\t\t<\/div>\n\t\t\t\t<div class=\"elementor-element elementor-element-ad3d081 elementor-widget elementor-widget-text-editor\" data-id=\"ad3d081\" data-element_type=\"widget\" data-e-type=\"widget\" data-widget_type=\"text-editor.default\">\n\t\t\t\t\t\t\t\t\t<p>In ciascuno dei tre edifici, dal rack che funge da punto di distribuzione in cui terminano le fibre esterne, le fibre interne si diramano e vengono instradate attraverso l&#8217;edificio per raggiungere ciascun nodo di rete (vedi Figura 3). L&#8217;infrastruttura interna \u00e8 fisicamente separata dalla dorsale esterna; le fibre interne si collegano alla dorsale esterna all&#8217;interno del pannello di permutazione ottico installato nel rack di distribuzione. Questa architettura \u00e8 stata scelta in quanto offre flessibilit\u00e0 per l&#8217;attivazione di nuovi nodi o la modifica della configurazione di quelli esistenti.  <\/p>\n<p>I nodi della rete sono:<\/p>\n<ul>\n<li>Per l&#8217;edificio \u00abB\u00bb:<br>&#8211; 2 nodi di rete al piano terra, nei centri dati INO e IFAC;<br>&#8211; 2 nodi di rete al primo piano, che ospitano gli switch collegati ai dispositivi nelle sale adiacenti;<br>&#8211; 3 nodi di rete al secondo piano, che ospitano gli switch collegati ai dispositivi nelle sale adiacenti;<\/li>\n<li>Per l&#8217;edificio \u00abD\u00bb:<br>&#8211; 2 nodi di rete al primo piano, che ospitano gli switch collegati ai dispositivi nelle stanze adiacenti;<\/li>\n<li>Per l&#8217;edificio \u00abDC-Area\u00bb:<br>&#8211; 1 nodo di rete nel data center IBE;<\/li>\n<li>Per l&#8217;edificio \u00abF\u00bb:<br>&#8211; 1 nodo di rete al primo piano, che ospita gli switch collegati ai dispositivi presenti nelle stanze adiacenti;<\/li>\n<\/ul>\n<p>Per ogni nodo di rete sono disponibili 4 coppie di fibre; le fibre sono collegate e terminate in un pannello di permutazione ottico.<\/p>\t\t\t\t\t\t\t\t<\/div>\n\t\t\t\t<div class=\"elementor-element elementor-element-00857cb elementor-widget elementor-widget-image\" data-id=\"00857cb\" data-element_type=\"widget\" data-e-type=\"widget\" data-widget_type=\"image.default\">\n\t\t\t\t\t\t\t\t\t\t\t\t\t\t\t<img decoding=\"async\" width=\"800\" height=\"741\" src=\"https:\/\/gifted-davinci.149-139-32-223.plesk.page\/wp-content\/uploads\/2026\/04\/Screenshot-2026-04-01-105309-1024x948.png\" class=\"attachment-large size-large wp-image-1257\" alt=\"EMM fiber cables\" srcset=\"https:\/\/gifted-davinci.149-139-32-223.plesk.page\/wp-content\/uploads\/2026\/04\/Screenshot-2026-04-01-105309-1024x948.png 1024w, https:\/\/gifted-davinci.149-139-32-223.plesk.page\/wp-content\/uploads\/2026\/04\/Screenshot-2026-04-01-105309-300x278.png 300w, https:\/\/gifted-davinci.149-139-32-223.plesk.page\/wp-content\/uploads\/2026\/04\/Screenshot-2026-04-01-105309-768x711.png 768w, https:\/\/gifted-davinci.149-139-32-223.plesk.page\/wp-content\/uploads\/2026\/04\/Screenshot-2026-04-01-105309.png 1272w\" sizes=\"(max-width: 800px) 100vw, 800px\" \/>\t\t\t\t\t\t\t\t\t\t\t\t\t\t\t<\/div>\n\t\t\t\t\t<\/div>\n\t\t\t\t<\/div>\n\t\t<div class=\"elementor-element elementor-element-d37c100 e-flex e-con-boxed e-con e-parent\" data-id=\"d37c100\" data-element_type=\"container\" data-e-type=\"container\">\n\t\t\t\t\t<div class=\"e-con-inner\">\n\t\t\t\t<div class=\"elementor-element elementor-element-58481da elementor-widget elementor-widget-heading\" data-id=\"58481da\" data-element_type=\"widget\" data-e-type=\"widget\" data-widget_type=\"heading.default\">\n\t\t\t\t\t<h2 class=\"elementor-heading-title elementor-size-default\">Apparecchiature attive \u2013 Switch di rete<\/h2>\t\t\t\t<\/div>\n\t\t\t\t<div class=\"elementor-element elementor-element-7557a66 elementor-widget elementor-widget-text-editor\" data-id=\"7557a66\" data-element_type=\"widget\" data-e-type=\"widget\" data-widget_type=\"text-editor.default\">\n\t\t\t\t\t\t\t\t\t<p>Oltre all&#8217;infrastruttura passiva, costituita da fibre ottiche, pannelli di permutazione, ponticelli in fibra, ecc., sono stati forniti switch di rete per il core (hub centrale) e per diversi nodi di rete situati nei vari edifici. Tutti i dispositivi sono stati installati, configurati e testati.<br>Per il core di rete abbiamo selezionato switch con 48 porte in fibra a 10 Gbps e 6 porte in fibra a 100 Gbps, alimentazione ridondante e possibilit\u00e0 di espansione con soluzioni di montaggio impilabili. Per i nodi di rete nei singoli edifici sono stati selezionati switch con 4 porte in fibra a 10 Gbps e 24 porte in rame a 1 Gbps  <\/p>\t\t\t\t\t\t\t\t<\/div>\n\t\t\t\t\t<\/div>\n\t\t\t\t<\/div>\n\t\t<div class=\"elementor-element elementor-element-061aba6 e-flex e-con-boxed e-con e-parent\" data-id=\"061aba6\" data-element_type=\"container\" data-e-type=\"container\">\n\t\t\t\t\t<div class=\"e-con-inner\">\n\t\t\t\t<div class=\"elementor-element elementor-element-bcf2e12 elementor-widget elementor-widget-heading\" data-id=\"bcf2e12\" data-element_type=\"widget\" data-e-type=\"widget\" data-widget_type=\"heading.default\">\n\t\t\t\t\t<h2 class=\"elementor-heading-title elementor-size-default\">Nota sull'architettura di connessione<\/h2>\t\t\t\t<\/div>\n\t\t\t\t<div class=\"elementor-element elementor-element-8bf1a96 elementor-widget elementor-widget-text-editor\" data-id=\"8bf1a96\" data-element_type=\"widget\" data-e-type=\"widget\" data-widget_type=\"text-editor.default\">\n\t\t\t\t\t\t\t\t\t<p>L&#8217;architettura di connessione tra il core (centro di rete) e i nodi di rete \u00e8 illustrata nello schema della Figura 4. Due switch core sono installati nel rack situato nell&#8217;edificio \u00abF\u00bb. I due switch sono interconnessi tramite un cavo di collegamento in fibra ottica OS2 a doppia linea che opera a 100 Gbps per garantire la piena ridondanza tra di essi. A valle, saranno collegati agli switch di aggregazione di ciascun nodo di rete tramite 4 linee in fibra ottica \u2014 due per ogni switch centrale (vedi Figura 4).   <\/p>\n<p>Si allega un diagramma riassuntivo che illustra la ridondanza del sistema<\/p>\t\t\t\t\t\t\t\t<\/div>\n\t\t\t\t<div class=\"elementor-element elementor-element-1ddfef2 elementor-widget elementor-widget-image\" data-id=\"1ddfef2\" data-element_type=\"widget\" data-e-type=\"widget\" data-widget_type=\"image.default\">\n\t\t\t\t\t\t\t\t\t\t\t\t\t\t\t<img loading=\"lazy\" decoding=\"async\" width=\"800\" height=\"603\" src=\"https:\/\/gifted-davinci.149-139-32-223.plesk.page\/wp-content\/uploads\/2026\/04\/Screenshot-2026-04-01-110738.png\" class=\"attachment-large size-large wp-image-1258\" alt=\"explanatory summary diagram\" srcset=\"https:\/\/gifted-davinci.149-139-32-223.plesk.page\/wp-content\/uploads\/2026\/04\/Screenshot-2026-04-01-110738.png 1010w, https:\/\/gifted-davinci.149-139-32-223.plesk.page\/wp-content\/uploads\/2026\/04\/Screenshot-2026-04-01-110738-300x226.png 300w, https:\/\/gifted-davinci.149-139-32-223.plesk.page\/wp-content\/uploads\/2026\/04\/Screenshot-2026-04-01-110738-768x579.png 768w\" sizes=\"(max-width: 800px) 100vw, 800px\" \/>\t\t\t\t\t\t\t\t\t\t\t\t\t\t\t<\/div>\n\t\t\t\t<div class=\"elementor-element elementor-element-69ac178 elementor-widget elementor-widget-text-editor\" data-id=\"69ac178\" data-element_type=\"widget\" data-e-type=\"widget\" data-widget_type=\"text-editor.default\">\n\t\t\t\t\t\t\t\t\t<p>\u00c8 stata realizzata una nuova infrastruttura di rete locale (LAN) con l\u2019obiettivo di collegare le risorse informatiche dell\u2019EMM all\u2019interno dell\u2019Area di Ricerca del CNR a Firenze tramite una rete ad alta velocit\u00e0 che utilizza le pi\u00f9 recenti tecnologie di trasmissione dati. La nuova infrastruttura di rete comprende sia componenti passivi che dispositivi attivi. Una nuova dorsale esterna in fibra ottica collega gli edifici e nuove linee in fibra ottica collegano i nodi di rete periferici ai punti di distribuzione; sono stati installati e configurati nuovi switch di rete sia nel core che nei nodi periferici. La nuova rete consente connessioni a 100 Gbps tra i data center degli istituti INO, IBE e IFAC e connessioni a 10 Gbps verso tutti gli altri dispositivi EMM situati nell&#8217;Area di Ricerca.   <\/p>\t\t\t\t\t\t\t\t<\/div>\n\t\t\t\t\t<\/div>\n\t\t\t\t<\/div>\n\t\t\t\t<\/div>\n\t\t","protected":false},"excerpt":{"rendered":"<p>La nuova infrastruttura di rete L&#8217;area di ricerca del CNR a Firenze \u00e8 costituita da cinque edifici principali che ospitano istituti di ricerca con uffici, laboratori e centri dati. Ogni edificio dell&#8217;area presenta una pianta rettangolare e si sviluppa su 2 o 3 piani; su ogni piano sono presenti 4 armadi (uno in ogni angolo) [&hellip;]<\/p>\n","protected":false},"author":1,"featured_media":0,"parent":1167,"menu_order":0,"comment_status":"closed","ping_status":"closed","template":"","meta":{"footnotes":""},"class_list":["post-1169","page","type-page","status-publish","hentry"],"_links":{"self":[{"href":"https:\/\/gifted-davinci.149-139-32-223.plesk.page\/it\/wp-json\/wp\/v2\/pages\/1169","targetHints":{"allow":["GET"]}}],"collection":[{"href":"https:\/\/gifted-davinci.149-139-32-223.plesk.page\/it\/wp-json\/wp\/v2\/pages"}],"about":[{"href":"https:\/\/gifted-davinci.149-139-32-223.plesk.page\/it\/wp-json\/wp\/v2\/types\/page"}],"author":[{"embeddable":true,"href":"https:\/\/gifted-davinci.149-139-32-223.plesk.page\/it\/wp-json\/wp\/v2\/users\/1"}],"replies":[{"embeddable":true,"href":"https:\/\/gifted-davinci.149-139-32-223.plesk.page\/it\/wp-json\/wp\/v2\/comments?post=1169"}],"version-history":[{"count":6,"href":"https:\/\/gifted-davinci.149-139-32-223.plesk.page\/it\/wp-json\/wp\/v2\/pages\/1169\/revisions"}],"predecessor-version":[{"id":1489,"href":"https:\/\/gifted-davinci.149-139-32-223.plesk.page\/it\/wp-json\/wp\/v2\/pages\/1169\/revisions\/1489"}],"up":[{"embeddable":true,"href":"https:\/\/gifted-davinci.149-139-32-223.plesk.page\/it\/wp-json\/wp\/v2\/pages\/1167"}],"wp:attachment":[{"href":"https:\/\/gifted-davinci.149-139-32-223.plesk.page\/it\/wp-json\/wp\/v2\/media?parent=1169"}],"curies":[{"name":"wp","href":"https:\/\/api.w.org\/{rel}","templated":true}]}}